{"id":9,"date":"2015-05-18T12:38:14","date_gmt":"2015-05-18T12:38:14","guid":{"rendered":"http:\/\/vitralesdelrosario.com.ar\/vitral\/?page_id=9"},"modified":"2015-06-16T18:02:23","modified_gmt":"2015-06-16T18:02:23","slug":"estudio-taller","status":"publish","type":"page","link":"https:\/\/vitralesdelrosario.com.ar\/vitral\/estudio-taller\/","title":{"rendered":"Estudio Taller"},"content":{"rendered":"<table style=\"height: 317px;\" border=\"0\" width=\"850\" cellspacing=\"0\" cellpadding=\"0\">\n<tbody>\n<tr>\n<td width=\"350\"><a href=\"https:\/\/i0.wp.com\/vitralesdelrosario.com.ar\/vitral\/wp-content\/uploads\/2015\/06\/foto-curso2.jpg?ssl=1\"><img loading=\"lazy\" decoding=\"async\" data-attachment-id=\"842\" data-permalink=\"https:\/\/vitralesdelrosario.com.ar\/vitral\/cursos\/foto-curso2\/\" data-orig-file=\"https:\/\/i0.wp.com\/vitralesdelrosario.com.ar\/vitral\/wp-content\/uploads\/2015\/06\/foto-curso2.jpg?fit=350%2C450&amp;ssl=1\" data-orig-size=\"350,450\" data-comments-opened=\"1\" data-image-meta=\"{&quot;aperture&quot;:&quot;0&quot;,&quot;credit&quot;:&quot;&quot;,&quot;camera&quot;:&quot;&quot;,&quot;caption&quot;:&quot;&quot;,&quot;created_timestamp&quot;:&quot;0&quot;,&quot;copyright&quot;:&quot;&quot;,&quot;focal_length&quot;:&quot;0&quot;,&quot;iso&quot;:&quot;0&quot;,&quot;shutter_speed&quot;:&quot;0&quot;,&quot;title&quot;:&quot;&quot;,&quot;orientation&quot;:&quot;0&quot;}\" data-image-title=\"foto-curso2\" data-image-description=\"\" data-image-caption=\"\" data-medium-file=\"https:\/\/i0.wp.com\/vitralesdelrosario.com.ar\/vitral\/wp-content\/uploads\/2015\/06\/foto-curso2.jpg?fit=233%2C300&amp;ssl=1\" data-large-file=\"https:\/\/i0.wp.com\/vitralesdelrosario.com.ar\/vitral\/wp-content\/uploads\/2015\/06\/foto-curso2.jpg?fit=350%2C450&amp;ssl=1\" class=\"alignnone size-full wp-image-842\" src=\"https:\/\/i0.wp.com\/vitralesdelrosario.com.ar\/vitral\/wp-content\/uploads\/2015\/06\/foto-curso2.jpg?resize=350%2C450&#038;ssl=1\" alt=\"foto-curso2\" width=\"350\" height=\"450\" srcset=\"https:\/\/i0.wp.com\/vitralesdelrosario.com.ar\/vitral\/wp-content\/uploads\/2015\/06\/foto-curso2.jpg?w=350&amp;ssl=1 350w, https:\/\/i0.wp.com\/vitralesdelrosario.com.ar\/vitral\/wp-content\/uploads\/2015\/06\/foto-curso2.jpg?resize=233%2C300&amp;ssl=1 233w, https:\/\/i0.wp.com\/vitralesdelrosario.com.ar\/vitral\/wp-content\/uploads\/2015\/06\/foto-curso2.jpg?resize=117%2C150&amp;ssl=1 117w\" sizes=\"auto, (max-width: 350px) 100vw, 350px\" data-recalc-dims=\"1\" \/><\/a><\/td>\n<td width=\"34\"><\/td>\n<td width=\"570\">El taller, situado en el\u00a0 centro de la ciudad de Rosario, presta atenci\u00f3n especial a arquitectos, decoradores, dise\u00f1adores o propietarios, para que a trav\u00e9s del vidrio, con todas sus variables de composici\u00f3n, tanto nacional como materiales importados se pueda transformar un simple pa\u00f1o vidriado en una obra de composici\u00f3n de Luz y Color, cualquiera sea su forma o dimensi\u00f3n.<\/td>\n<\/tr>\n<\/tbody>\n<\/table>\n","protected":false},"excerpt":{"rendered":"<p>El taller, situado en el\u00a0 centro de la ciudad de Rosario, presta atenci\u00f3n especial a arquitectos, decoradores, dise\u00f1adores o propietarios, para que a trav\u00e9s del vidrio, con todas sus variables de composici\u00f3n, tanto nacional como materiales importados se pueda transformar un simple pa\u00f1o vidriado en una obra de composici\u00f3n de \u2026<\/p>\n<p class=\"continue-reading-button\"> <a class=\"continue-reading-link\" href=\"https:\/\/vitralesdelrosario.com.ar\/vitral\/estudio-taller\/\">Continue reading<i class=\"crycon-right-dir\"><\/i><\/a><\/p>\n","protected":false},"author":1,"featured_media":0,"parent":0,"menu_order":0,"comment_status":"closed","ping_status":"closed","template":"","meta":{"ngg_post_thumbnail":0,"jetpack_post_was_ever_published":false,"footnotes":""},"class_list":["post-9","page","type-page","status-publish","hentry"],"jetpack_sharing_enabled":true,"jetpack_shortlink":"https:\/\/wp.me\/P6dcQG-9","_links":{"self":[{"href":"https:\/\/vitralesdelrosario.com.ar\/vitral\/wp-json\/wp\/v2\/pages\/9","targetHints":{"allow":["GET"]}}],"collection":[{"href":"https:\/\/vitralesdelrosario.com.ar\/vitral\/wp-json\/wp\/v2\/pages"}],"about":[{"href":"https:\/\/vitralesdelrosario.com.ar\/vitral\/wp-json\/wp\/v2\/types\/page"}],"author":[{"embeddable":true,"href":"https:\/\/vitralesdelrosario.com.ar\/vitral\/wp-json\/wp\/v2\/users\/1"}],"replies":[{"embeddable":true,"href":"https:\/\/vitralesdelrosario.com.ar\/vitral\/wp-json\/wp\/v2\/comments?post=9"}],"version-history":[{"count":10,"href":"https:\/\/vitralesdelrosario.com.ar\/vitral\/wp-json\/wp\/v2\/pages\/9\/revisions"}],"predecessor-version":[{"id":899,"href":"https:\/\/vitralesdelrosario.com.ar\/vitral\/wp-json\/wp\/v2\/pages\/9\/revisions\/899"}],"wp:attachment":[{"href":"https:\/\/vitralesdelrosario.com.ar\/vitral\/wp-json\/wp\/v2\/media?parent=9"}],"curies":[{"name":"wp","href":"https:\/\/api.w.org\/{rel}","templated":true}]}}