{"id":29,"date":"2015-05-18T12:43:26","date_gmt":"2015-05-18T12:43:26","guid":{"rendered":"http:\/\/vitralesdelrosario.com.ar\/vitral\/?page_id=29"},"modified":"2015-06-12T12:56:26","modified_gmt":"2015-06-12T12:56:26","slug":"religiosos","status":"publish","type":"page","link":"https:\/\/vitralesdelrosario.com.ar\/vitral\/religiosos\/","title":{"rendered":"Religiosos"},"content":{"rendered":"<p>\t<div class=\"ngg-albumoverview default-view\">\n\t\t\t\t\t<div class=\"ngg-album-compact\">\n\t\t\t\t<div class=\"ngg-album-compactbox\">\n\t\t\t\t\t<div class=\"ngg-album-link\">\n\t\t\t\t\t\t\t\t\t\t\t\t\t\t\t\t\t\t\t\t\t<a title='Acci\u00f3n Cat\u00f3lica Rosario' href='https:\/\/vitralesdelrosario.com.ar\/vitral\/religiosos\/nggallery\/religiosos\/accion-catolica'>\n\t\t\t\t\t\t\t\t\t<img class=\"Thumb\"\n\t\t\t\t\t\t\t\t\t\talt=\"Acci\u00f3n Cat\u00f3lica Rosario\"\n\t\t\t\t\t\t\t\t\t\tsrc=\"https:\/\/vitralesdelrosario.com.ar\/vitral\/wp-content\/gallery\/accion-catolica\/cache\/Principal-puerta-Ingreso-a-Capilla-Jujuy-1321-Rosario.jpg-nggid03168-ngg0dyn-300x200x100-00f0w010c011r110f110r010t010.jpg\"\/>\n\t\t\t\t\t\t\t\t<\/a>\n\t\t\t\t\t\t\t\t\t\t\t\t\t\t\t\t\t\t<\/div>\n\t\t\t\t<\/div>\n\t\t\t\t\t\t\t\t<h4>\n\t\t\t\t\t<a class='ngg-album-desc' \n\t\t\t\t\ttitle='Acci\u00f3n Cat\u00f3lica Rosario' href='https:\/\/vitralesdelrosario.com.ar\/vitral\/religiosos\/nggallery\/religiosos\/accion-catolica'style=\"max-width: 320px\"\t\t\t\t\t>\n\t\t\t\t\t\tAcci\u00f3n Cat\u00f3lica Rosario\t\t\t\t\t<\/a>\n\t\t\t\t<\/h4>\n\t\t\t\t<p class=\"ngg-album-gallery-image-counter\">\n\t\t\t\t\t\t\t\t\t\t\t<strong>5<\/strong>&nbsp;Fotos\t\t\t\t\t\t\t\t\t<\/p>\n\t\t\t<\/div>\n\t\t\t\t\t<div class=\"ngg-album-compact\">\n\t\t\t\t<div class=\"ngg-album-compactbox\">\n\t\t\t\t\t<div class=\"ngg-album-link\">\n\t\t\t\t\t\t\t\t\t\t\t\t\t\t\t\t\t\t\t\t\t<a title='Iglesia San Juan Bautista-Cha\u00f1ar Ladeado' href='https:\/\/vitralesdelrosario.com.ar\/vitral\/religiosos\/nggallery\/religiosos\/chanar-ladeado'>\n\t\t\t\t\t\t\t\t\t<img class=\"Thumb\"\n\t\t\t\t\t\t\t\t\t\talt=\"Iglesia San Juan Bautista-Cha\u00f1ar Ladeado\"\n\t\t\t\t\t\t\t\t\t\tsrc=\"https:\/\/vitralesdelrosario.com.ar\/vitral\/wp-content\/gallery\/chanar-ladeado\/cache\/principal.jpg-nggid03173-ngg0dyn-300x200x100-00f0w010c011r110f110r010t010.jpg\"\/>\n\t\t\t\t\t\t\t\t<\/a>\n\t\t\t\t\t\t\t\t\t\t\t\t\t\t\t\t\t\t<\/div>\n\t\t\t\t<\/div>\n\t\t\t\t\t\t\t\t<h4>\n\t\t\t\t\t<a class='ngg-album-desc' \n\t\t\t\t\ttitle='Iglesia San Juan Bautista-Cha\u00f1ar Ladeado' href='https:\/\/vitralesdelrosario.com.ar\/vitral\/religiosos\/nggallery\/religiosos\/chanar-ladeado'style=\"max-width: 320px\"\t\t\t\t\t>\n\t\t\t\t\t\tIglesia San Juan Bautista-Cha\u00f1ar Ladeado\t\t\t\t\t<\/a>\n\t\t\t\t<\/h4>\n\t\t\t\t<p class=\"ngg-album-gallery-image-counter\">\n\t\t\t\t\t\t\t\t\t\t\t<strong>5<\/strong>&nbsp;Fotos\t\t\t\t\t\t\t\t\t<\/p>\n\t\t\t<\/div>\n\t\t\t\t\t<div class=\"ngg-album-compact\">\n\t\t\t\t<div class=\"ngg-album-compactbox\">\n\t\t\t\t\t<div class=\"ngg-album-link\">\n\t\t\t\t\t\t\t\t\t\t\t\t\t\t\t\t\t\t\t\t\t<a title='Flia Chiavassa Funes' href='https:\/\/vitralesdelrosario.com.ar\/vitral\/religiosos\/nggallery\/religiosos\/funes-cristian'>\n\t\t\t\t\t\t\t\t\t<img class=\"Thumb\"\n\t\t\t\t\t\t\t\t\t\talt=\"Flia Chiavassa Funes\"\n\t\t\t\t\t\t\t\t\t\tsrc=\"https:\/\/vitralesdelrosario.com.ar\/vitral\/wp-content\/gallery\/funes-cristian\/cache\/principal.jpg-nggid03178-ngg0dyn-300x200x100-00f0w010c011r110f110r010t010.jpg\"\/>\n\t\t\t\t\t\t\t\t<\/a>\n\t\t\t\t\t\t\t\t\t\t\t\t\t\t\t\t\t\t<\/div>\n\t\t\t\t<\/div>\n\t\t\t\t\t\t\t\t<h4>\n\t\t\t\t\t<a class='ngg-album-desc' \n\t\t\t\t\ttitle='Flia Chiavassa Funes' href='https:\/\/vitralesdelrosario.com.ar\/vitral\/religiosos\/nggallery\/religiosos\/funes-cristian'style=\"max-width: 320px\"\t\t\t\t\t>\n\t\t\t\t\t\tFlia Chiavassa Funes\t\t\t\t\t<\/a>\n\t\t\t\t<\/h4>\n\t\t\t\t<p class=\"ngg-album-gallery-image-counter\">\n\t\t\t\t\t\t\t\t\t\t\t<strong>3<\/strong>&nbsp;Fotos\t\t\t\t\t\t\t\t\t<\/p>\n\t\t\t<\/div>\n\t\t\t\t\t<div class=\"ngg-album-compact\">\n\t\t\t\t<div class=\"ngg-album-compactbox\">\n\t\t\t\t\t<div class=\"ngg-album-link\">\n\t\t\t\t\t\t\t\t\t\t\t\t\t\t\t\t\t\t\t\t\t<a title='Iglesia San Jos\u00e9 Chab\u00e1s Santa Fe' href='https:\/\/vitralesdelrosario.com.ar\/vitral\/religiosos\/nggallery\/religiosos\/iglesia-chabas'>\n\t\t\t\t\t\t\t\t\t<img class=\"Thumb\"\n\t\t\t\t\t\t\t\t\t\talt=\"Iglesia San Jos\u00e9 Chab\u00e1s Santa Fe\"\n\t\t\t\t\t\t\t\t\t\tsrc=\"https:\/\/vitralesdelrosario.com.ar\/vitral\/wp-content\/gallery\/iglesia-chabas\/cache\/1principal.jpg-nggid03184-ngg0dyn-300x200x100-00f0w010c011r110f110r010t010.jpg\"\/>\n\t\t\t\t\t\t\t\t<\/a>\n\t\t\t\t\t\t\t\t\t\t\t\t\t\t\t\t\t\t<\/div>\n\t\t\t\t<\/div>\n\t\t\t\t\t\t\t\t<h4>\n\t\t\t\t\t<a class='ngg-album-desc' \n\t\t\t\t\ttitle='Iglesia San Jos\u00e9 Chab\u00e1s Santa Fe' href='https:\/\/vitralesdelrosario.com.ar\/vitral\/religiosos\/nggallery\/religiosos\/iglesia-chabas'style=\"max-width: 320px\"\t\t\t\t\t>\n\t\t\t\t\t\tIglesia San Jos\u00e9 Chab\u00e1s Santa Fe\t\t\t\t\t<\/a>\n\t\t\t\t<\/h4>\n\t\t\t\t<p class=\"ngg-album-gallery-image-counter\">\n\t\t\t\t\t\t\t\t\t\t\t<strong>34<\/strong>&nbsp;Fotos\t\t\t\t\t\t\t\t\t<\/p>\n\t\t\t<\/div>\n\t\t\t\t\t<div class=\"ngg-album-compact\">\n\t\t\t\t<div class=\"ngg-album-compactbox\">\n\t\t\t\t\t<div class=\"ngg-album-link\">\n\t\t\t\t\t\t\t\t\t\t\t\t\t\t\t\t\t\t\t\t\t<a title='Casa de Hnas Ciervas de Jes\u00fas Rosario' href='https:\/\/vitralesdelrosario.com.ar\/vitral\/religiosos\/nggallery\/religiosos\/hnas-sierras'>\n\t\t\t\t\t\t\t\t\t<img class=\"Thumb\"\n\t\t\t\t\t\t\t\t\t\talt=\"Casa de Hnas Ciervas de Jes\u00fas Rosario\"\n\t\t\t\t\t\t\t\t\t\tsrc=\"https:\/\/vitralesdelrosario.com.ar\/vitral\/wp-content\/gallery\/hnas-sierras\/cache\/principal.JPG-nggid03182-ngg0dyn-300x200x100-00f0w010c011r110f110r010t010.JPG\"\/>\n\t\t\t\t\t\t\t\t<\/a>\n\t\t\t\t\t\t\t\t\t\t\t\t\t\t\t\t\t\t<\/div>\n\t\t\t\t<\/div>\n\t\t\t\t\t\t\t\t<h4>\n\t\t\t\t\t<a class='ngg-album-desc' \n\t\t\t\t\ttitle='Casa de Hnas Ciervas de Jes\u00fas Rosario' href='https:\/\/vitralesdelrosario.com.ar\/vitral\/religiosos\/nggallery\/religiosos\/hnas-sierras'style=\"max-width: 320px\"\t\t\t\t\t>\n\t\t\t\t\t\tCasa de Hnas Ciervas de Jes\u00fas Rosario\t\t\t\t\t<\/a>\n\t\t\t\t<\/h4>\n\t\t\t\t<p class=\"ngg-album-gallery-image-counter\">\n\t\t\t\t\t\t\t\t\t\t\t<strong>4<\/strong>&nbsp;Fotos\t\t\t\t\t\t\t\t\t<\/p>\n\t\t\t<\/div>\n\t\t\t\t\t<div class=\"ngg-album-compact\">\n\t\t\t\t<div class=\"ngg-album-compactbox\">\n\t\t\t\t\t<div class=\"ngg-album-link\">\n\t\t\t\t\t\t\t\t\t\t\t\t\t\t\t\t\t\t\t\t\t<a title='Cottolengo Don Orione -Gral Lagos-Sta. Fe        ' href='https:\/\/vitralesdelrosario.com.ar\/vitral\/religiosos\/nggallery\/religiosos\/don-orione'>\n\t\t\t\t\t\t\t\t\t<img class=\"Thumb\"\n\t\t\t\t\t\t\t\t\t\talt=\"Cottolengo Don Orione -Gral Lagos-Sta. Fe        \"\n\t\t\t\t\t\t\t\t\t\tsrc=\"https:\/\/vitralesdelrosario.com.ar\/vitral\/wp-content\/gallery\/don-orione\/cache\/principal.jpg-nggid03221-ngg0dyn-300x200x100-00f0w010c011r110f110r010t010.jpg\"\/>\n\t\t\t\t\t\t\t\t<\/a>\n\t\t\t\t\t\t\t\t\t\t\t\t\t\t\t\t\t\t<\/div>\n\t\t\t\t<\/div>\n\t\t\t\t\t\t\t\t<h4>\n\t\t\t\t\t<a class='ngg-album-desc' \n\t\t\t\t\ttitle='Cottolengo Don Orione -Gral Lagos-Sta. Fe        ' href='https:\/\/vitralesdelrosario.com.ar\/vitral\/religiosos\/nggallery\/religiosos\/don-orione'style=\"max-width: 320px\"\t\t\t\t\t>\n\t\t\t\t\t\tCottolengo Don Orione -Gral Lagos-Sta. Fe        \t\t\t\t\t<\/a>\n\t\t\t\t<\/h4>\n\t\t\t\t<p class=\"ngg-album-gallery-image-counter\">\n\t\t\t\t\t\t\t\t\t\t\t<strong>3<\/strong>&nbsp;Fotos\t\t\t\t\t\t\t\t\t<\/p>\n\t\t\t<\/div>\n\t\t\t\t\t<div class=\"ngg-album-compact\">\n\t\t\t\t<div class=\"ngg-album-compactbox\">\n\t\t\t\t\t<div class=\"ngg-album-link\">\n\t\t\t\t\t\t\t\t\t\t\t\t\t\t\t\t\t\t\t\t\t<a title='Iglesia Loc. Pascana-C\u00f3rdoba' href='https:\/\/vitralesdelrosario.com.ar\/vitral\/religiosos\/nggallery\/religiosos\/pascana-cordoba'>\n\t\t\t\t\t\t\t\t\t<img class=\"Thumb\"\n\t\t\t\t\t\t\t\t\t\talt=\"Iglesia Loc. Pascana-C\u00f3rdoba\"\n\t\t\t\t\t\t\t\t\t\tsrc=\"https:\/\/vitralesdelrosario.com.ar\/vitral\/wp-content\/gallery\/pascana-cordoba\/cache\/principal.jpg-nggid03228-ngg0dyn-300x200x100-00f0w010c011r110f110r010t010.jpg\"\/>\n\t\t\t\t\t\t\t\t<\/a>\n\t\t\t\t\t\t\t\t\t\t\t\t\t\t\t\t\t\t<\/div>\n\t\t\t\t<\/div>\n\t\t\t\t\t\t\t\t<h4>\n\t\t\t\t\t<a class='ngg-album-desc' \n\t\t\t\t\ttitle='Iglesia Loc. Pascana-C\u00f3rdoba' href='https:\/\/vitralesdelrosario.com.ar\/vitral\/religiosos\/nggallery\/religiosos\/pascana-cordoba'style=\"max-width: 320px\"\t\t\t\t\t>\n\t\t\t\t\t\tIglesia Loc. Pascana-C\u00f3rdoba\t\t\t\t\t<\/a>\n\t\t\t\t<\/h4>\n\t\t\t\t<p class=\"ngg-album-gallery-image-counter\">\n\t\t\t\t\t\t\t\t\t\t\t<strong>7<\/strong>&nbsp;Fotos\t\t\t\t\t\t\t\t\t<\/p>\n\t\t\t<\/div>\n\t\t\t\t\t<div class=\"ngg-album-compact\">\n\t\t\t\t<div class=\"ngg-album-compactbox\">\n\t\t\t\t\t<div class=\"ngg-album-link\">\n\t\t\t\t\t\t\t\t\t\t\t\t\t\t\t\t\t\t\t\t\t<a title='Iglesia San Miguel de Rosario' href='https:\/\/vitralesdelrosario.com.ar\/vitral\/religiosos\/nggallery\/religiosos\/iglesia-san-miguel'>\n\t\t\t\t\t\t\t\t\t<img class=\"Thumb\"\n\t\t\t\t\t\t\t\t\t\talt=\"Iglesia San Miguel de Rosario\"\n\t\t\t\t\t\t\t\t\t\tsrc=\"https:\/\/vitralesdelrosario.com.ar\/vitral\/wp-content\/gallery\/iglesia-san-miguel\/cache\/Principal.jpg-nggid03229-ngg0dyn-300x200x100-00f0w010c011r110f110r010t010.jpg\"\/>\n\t\t\t\t\t\t\t\t<\/a>\n\t\t\t\t\t\t\t\t\t\t\t\t\t\t\t\t\t\t<\/div>\n\t\t\t\t<\/div>\n\t\t\t\t\t\t\t\t<h4>\n\t\t\t\t\t<a class='ngg-album-desc' \n\t\t\t\t\ttitle='Iglesia San Miguel de Rosario' href='https:\/\/vitralesdelrosario.com.ar\/vitral\/religiosos\/nggallery\/religiosos\/iglesia-san-miguel'style=\"max-width: 320px\"\t\t\t\t\t>\n\t\t\t\t\t\tIglesia San Miguel de Rosario\t\t\t\t\t<\/a>\n\t\t\t\t<\/h4>\n\t\t\t\t<p class=\"ngg-album-gallery-image-counter\">\n\t\t\t\t\t\t\t\t\t\t\t<strong>5<\/strong>&nbsp;Fotos\t\t\t\t\t\t\t\t\t<\/p>\n\t\t\t<\/div>\n\t\t\t\t\t<div class=\"ngg-album-compact\">\n\t\t\t\t<div class=\"ngg-album-compactbox\">\n\t\t\t\t\t<div class=\"ngg-album-link\">\n\t\t\t\t\t\t\t\t\t\t\t\t\t\t\t\t\t\t\t\t\t<a title='Las Brenas Chaco' href='https:\/\/vitralesdelrosario.com.ar\/vitral\/religiosos\/nggallery\/religiosos\/las-brenas-chaco'>\n\t\t\t\t\t\t\t\t\t<img class=\"Thumb\"\n\t\t\t\t\t\t\t\t\t\talt=\"Las Brenas Chaco\"\n\t\t\t\t\t\t\t\t\t\tsrc=\"https:\/\/vitralesdelrosario.com.ar\/vitral\/wp-content\/gallery\/las-brenas-chaco\/cache\/principal.jpg-nggid03235-ngg0dyn-300x200x100-00f0w010c011r110f110r010t010.jpg\"\/>\n\t\t\t\t\t\t\t\t<\/a>\n\t\t\t\t\t\t\t\t\t\t\t\t\t\t\t\t\t\t<\/div>\n\t\t\t\t<\/div>\n\t\t\t\t\t\t\t\t<h4>\n\t\t\t\t\t<a class='ngg-album-desc' \n\t\t\t\t\ttitle='Las Brenas Chaco' href='https:\/\/vitralesdelrosario.com.ar\/vitral\/religiosos\/nggallery\/religiosos\/las-brenas-chaco'style=\"max-width: 320px\"\t\t\t\t\t>\n\t\t\t\t\t\tLas Brenas Chaco\t\t\t\t\t<\/a>\n\t\t\t\t<\/h4>\n\t\t\t\t<p class=\"ngg-album-gallery-image-counter\">\n\t\t\t\t\t\t\t\t\t\t\t<strong>2<\/strong>&nbsp;Fotos\t\t\t\t\t\t\t\t\t<\/p>\n\t\t\t<\/div>\n\t\t\t\t\t<div class=\"ngg-album-compact\">\n\t\t\t\t<div class=\"ngg-album-compactbox\">\n\t\t\t\t\t<div class=\"ngg-album-link\">\n\t\t\t\t\t\t\t\t\t\t\t\t\t\t\t\t\t\t\t\t\t<a title='Iglesia Ntra Sra de Am\u00e9rica- Rosario' href='https:\/\/vitralesdelrosario.com.ar\/vitral\/religiosos\/nggallery\/religiosos\/ntra-sra-america'>\n\t\t\t\t\t\t\t\t\t<img class=\"Thumb\"\n\t\t\t\t\t\t\t\t\t\talt=\"Iglesia Ntra Sra de Am\u00e9rica- Rosario\"\n\t\t\t\t\t\t\t\t\t\tsrc=\"https:\/\/vitralesdelrosario.com.ar\/vitral\/wp-content\/gallery\/ntra-sra-america\/cache\/Principal.jpg-nggid03247-ngg0dyn-300x200x100-00f0w010c011r110f110r010t010.jpg\"\/>\n\t\t\t\t\t\t\t\t<\/a>\n\t\t\t\t\t\t\t\t\t\t\t\t\t\t\t\t\t\t<\/div>\n\t\t\t\t<\/div>\n\t\t\t\t\t\t\t\t<h4>\n\t\t\t\t\t<a class='ngg-album-desc' \n\t\t\t\t\ttitle='Iglesia Ntra Sra de Am\u00e9rica- Rosario' href='https:\/\/vitralesdelrosario.com.ar\/vitral\/religiosos\/nggallery\/religiosos\/ntra-sra-america'style=\"max-width: 320px\"\t\t\t\t\t>\n\t\t\t\t\t\tIglesia Ntra Sra de Am\u00e9rica- Rosario\t\t\t\t\t<\/a>\n\t\t\t\t<\/h4>\n\t\t\t\t<p class=\"ngg-album-gallery-image-counter\">\n\t\t\t\t\t\t\t\t\t\t\t<strong>8<\/strong>&nbsp;Fotos\t\t\t\t\t\t\t\t\t<\/p>\n\t\t\t<\/div>\n\t\t\t\t\t<div class=\"ngg-album-compact\">\n\t\t\t\t<div class=\"ngg-album-compactbox\">\n\t\t\t\t\t<div class=\"ngg-album-link\">\n\t\t\t\t\t\t\t\t\t\t\t\t\t\t\t\t\t\t\t\t\t<a title='Capilla Opus Dei-Rosario' href='https:\/\/vitralesdelrosario.com.ar\/vitral\/religiosos\/nggallery\/religiosos\/opus-dei'>\n\t\t\t\t\t\t\t\t\t<img class=\"Thumb\"\n\t\t\t\t\t\t\t\t\t\talt=\"Capilla Opus Dei-Rosario\"\n\t\t\t\t\t\t\t\t\t\tsrc=\"https:\/\/vitralesdelrosario.com.ar\/vitral\/wp-content\/gallery\/opus-dei\/cache\/Principal.JPG-nggid03239-ngg0dyn-300x200x100-00f0w010c011r110f110r010t010.JPG\"\/>\n\t\t\t\t\t\t\t\t<\/a>\n\t\t\t\t\t\t\t\t\t\t\t\t\t\t\t\t\t\t<\/div>\n\t\t\t\t<\/div>\n\t\t\t\t\t\t\t\t<h4>\n\t\t\t\t\t<a class='ngg-album-desc' \n\t\t\t\t\ttitle='Capilla Opus Dei-Rosario' href='https:\/\/vitralesdelrosario.com.ar\/vitral\/religiosos\/nggallery\/religiosos\/opus-dei'style=\"max-width: 320px\"\t\t\t\t\t>\n\t\t\t\t\t\tCapilla Opus Dei-Rosario\t\t\t\t\t<\/a>\n\t\t\t\t<\/h4>\n\t\t\t\t<p class=\"ngg-album-gallery-image-counter\">\n\t\t\t\t\t\t\t\t\t\t\t<strong>2<\/strong>&nbsp;Fotos\t\t\t\t\t\t\t\t\t<\/p>\n\t\t\t<\/div>\n\t\t\t\t\t<div class=\"ngg-album-compact\">\n\t\t\t\t<div class=\"ngg-album-compactbox\">\n\t\t\t\t\t<div class=\"ngg-album-link\">\n\t\t\t\t\t\t\t\t\t\t\t\t\t\t\t\t\t\t\t\t\t<a title='Iglesia San Jos\u00e9 Obrero-Rosario' href='https:\/\/vitralesdelrosario.com.ar\/vitral\/religiosos\/nggallery\/religiosos\/san-jose-obrero'>\n\t\t\t\t\t\t\t\t\t<img class=\"Thumb\"\n\t\t\t\t\t\t\t\t\t\talt=\"Iglesia San Jos\u00e9 Obrero-Rosario\"\n\t\t\t\t\t\t\t\t\t\tsrc=\"https:\/\/vitralesdelrosario.com.ar\/vitral\/wp-content\/gallery\/san-jose-obrero\/cache\/principal.jpg-nggid03253-ngg0dyn-300x200x100-00f0w010c011r110f110r010t010.jpg\"\/>\n\t\t\t\t\t\t\t\t<\/a>\n\t\t\t\t\t\t\t\t\t\t\t\t\t\t\t\t\t\t<\/div>\n\t\t\t\t<\/div>\n\t\t\t\t\t\t\t\t<h4>\n\t\t\t\t\t<a class='ngg-album-desc' \n\t\t\t\t\ttitle='Iglesia San Jos\u00e9 Obrero-Rosario' href='https:\/\/vitralesdelrosario.com.ar\/vitral\/religiosos\/nggallery\/religiosos\/san-jose-obrero'style=\"max-width: 320px\"\t\t\t\t\t>\n\t\t\t\t\t\tIglesia San Jos\u00e9 Obrero-Rosario\t\t\t\t\t<\/a>\n\t\t\t\t<\/h4>\n\t\t\t\t<p class=\"ngg-album-gallery-image-counter\">\n\t\t\t\t\t\t\t\t\t\t\t<strong>4<\/strong>&nbsp;Fotos\t\t\t\t\t\t\t\t\t<\/p>\n\t\t\t<\/div>\n\t\t\t\t\t<div class=\"ngg-album-compact\">\n\t\t\t\t<div class=\"ngg-album-compactbox\">\n\t\t\t\t\t<div class=\"ngg-album-link\">\n\t\t\t\t\t\t\t\t\t\t\t\t\t\t\t\t\t\t\t\t\t<a title='Santuario Bariloche' href='https:\/\/vitralesdelrosario.com.ar\/vitral\/religiosos\/nggallery\/religiosos\/santuario-bariloche'>\n\t\t\t\t\t\t\t\t\t<img class=\"Thumb\"\n\t\t\t\t\t\t\t\t\t\talt=\"Santuario Bariloche\"\n\t\t\t\t\t\t\t\t\t\tsrc=\"https:\/\/vitralesdelrosario.com.ar\/vitral\/wp-content\/gallery\/santuario-bariloche\/cache\/manos-1-001.jpg-nggid03249-ngg0dyn-300x200x100-00f0w010c011r110f110r010t010.jpg\"\/>\n\t\t\t\t\t\t\t\t<\/a>\n\t\t\t\t\t\t\t\t\t\t\t\t\t\t\t\t\t\t<\/div>\n\t\t\t\t<\/div>\n\t\t\t\t\t\t\t\t<h4>\n\t\t\t\t\t<a class='ngg-album-desc' \n\t\t\t\t\ttitle='Santuario Bariloche' href='https:\/\/vitralesdelrosario.com.ar\/vitral\/religiosos\/nggallery\/religiosos\/santuario-bariloche'style=\"max-width: 320px\"\t\t\t\t\t>\n\t\t\t\t\t\tSantuario Bariloche\t\t\t\t\t<\/a>\n\t\t\t\t<\/h4>\n\t\t\t\t<p class=\"ngg-album-gallery-image-counter\">\n\t\t\t\t\t\t\t\t\t\t\t<strong>1<\/strong>&nbsp;Fotos\t\t\t\t\t\t\t\t\t<\/p>\n\t\t\t<\/div>\n\t\t\t\t\t<div class=\"ngg-album-compact\">\n\t\t\t\t<div class=\"ngg-album-compactbox\">\n\t\t\t\t\t<div class=\"ngg-album-link\">\n\t\t\t\t\t\t\t\t\t\t\t\t\t\t\t\t\t\t\t\t\t<a title='Reposo Firmat' href='https:\/\/vitralesdelrosario.com.ar\/vitral\/religiosos\/nggallery\/religiosos\/reposo-firmat'>\n\t\t\t\t\t\t\t\t\t<img class=\"Thumb\"\n\t\t\t\t\t\t\t\t\t\talt=\"Reposo Firmat\"\n\t\t\t\t\t\t\t\t\t\tsrc=\"https:\/\/vitralesdelrosario.com.ar\/vitral\/wp-content\/gallery\/reposo-firmat\/cache\/Reposo-Firmat-001.jpg-nggid03248-ngg0dyn-300x200x100-00f0w010c011r110f110r010t010.jpg\"\/>\n\t\t\t\t\t\t\t\t<\/a>\n\t\t\t\t\t\t\t\t\t\t\t\t\t\t\t\t\t\t<\/div>\n\t\t\t\t<\/div>\n\t\t\t\t\t\t\t\t<h4>\n\t\t\t\t\t<a class='ngg-album-desc' \n\t\t\t\t\ttitle='Reposo Firmat' href='https:\/\/vitralesdelrosario.com.ar\/vitral\/religiosos\/nggallery\/religiosos\/reposo-firmat'style=\"max-width: 320px\"\t\t\t\t\t>\n\t\t\t\t\t\tReposo Firmat\t\t\t\t\t<\/a>\n\t\t\t\t<\/h4>\n\t\t\t\t<p class=\"ngg-album-gallery-image-counter\">\n\t\t\t\t\t\t\t\t\t\t\t<strong>1<\/strong>&nbsp;Fotos\t\t\t\t\t\t\t\t\t<\/p>\n\t\t\t<\/div>\n\t\t\t\t<br class=\"ngg-clear\"\/>\n\t\t<div class='ngg-clear'><\/div>\t<\/div>\n<\/p>\n","protected":false},"excerpt":{"rendered":"<p>Acci\u00f3n Cat\u00f3lica Rosario 5&nbsp;Fotos Iglesia San Juan Bautista-Cha\u00f1ar Ladeado 5&nbsp;Fotos Flia Chiavassa Funes 3&nbsp;Fotos Iglesia San Jos\u00e9 Chab\u00e1s Santa Fe 34&nbsp;Fotos Casa de Hnas Ciervas de Jes\u00fas Rosario 4&nbsp;Fotos Cottolengo Don Orione -Gral Lagos-Sta. Fe 3&nbsp;Fotos Iglesia Loc. Pascana-C\u00f3rdoba 7&nbsp;Fotos Iglesia San Miguel de Rosario 5&nbsp;Fotos Las Brenas Chaco 2&nbsp;Fotos \u2026<\/p>\n<p class=\"continue-reading-button\"> <a class=\"continue-reading-link\" href=\"https:\/\/vitralesdelrosario.com.ar\/vitral\/religiosos\/\">Continue reading<i class=\"crycon-right-dir\"><\/i><\/a><\/p>\n","protected":false},"author":1,"featured_media":0,"parent":0,"menu_order":0,"comment_status":"closed","ping_status":"closed","template":"","meta":{"ngg_post_thumbnail":0,"jetpack_post_was_ever_published":false,"footnotes":""},"class_list":["post-29","page","type-page","status-publish","hentry"],"jetpack_sharing_enabled":true,"jetpack_shortlink":"https:\/\/wp.me\/P6dcQG-t","_links":{"self":[{"href":"https:\/\/vitralesdelrosario.com.ar\/vitral\/wp-json\/wp\/v2\/pages\/29","targetHints":{"allow":["GET"]}}],"collection":[{"href":"https:\/\/vitralesdelrosario.com.ar\/vitral\/wp-json\/wp\/v2\/pages"}],"about":[{"href":"https:\/\/vitralesdelrosario.com.ar\/vitral\/wp-json\/wp\/v2\/types\/page"}],"author":[{"embeddable":true,"href":"https:\/\/vitralesdelrosario.com.ar\/vitral\/wp-json\/wp\/v2\/users\/1"}],"replies":[{"embeddable":true,"href":"https:\/\/vitralesdelrosario.com.ar\/vitral\/wp-json\/wp\/v2\/comments?post=29"}],"version-history":[{"count":7,"href":"https:\/\/vitralesdelrosario.com.ar\/vitral\/wp-json\/wp\/v2\/pages\/29\/revisions"}],"predecessor-version":[{"id":864,"href":"https:\/\/vitralesdelrosario.com.ar\/vitral\/wp-json\/wp\/v2\/pages\/29\/revisions\/864"}],"wp:attachment":[{"href":"https:\/\/vitralesdelrosario.com.ar\/vitral\/wp-json\/wp\/v2\/media?parent=29"}],"curies":[{"name":"wp","href":"https:\/\/api.w.org\/{rel}","templated":true}]}}